{"id":75,"date":"2015-07-13T20:59:21","date_gmt":"2015-07-13T20:59:21","guid":{"rendered":"https:\/\/leijianglaw.com\/WP\/?page_id=75"},"modified":"2023-02-10T12:20:35","modified_gmt":"2023-02-10T17:20:35","slug":"k-1-visa","status":"publish","type":"page","link":"https:\/\/leijianglaw.com\/zh\/k-1-visa\/","title":{"rendered":"\u5916\u56fd\u4eba\u672a\u5a5a\u592b(\u59bb)K-1\u7b7e\u8bc1"},"content":{"rendered":"<h3>\u6982\u8ff0<\/h3>\n<p>K-1\u672a\u5a5a\u592b\uff08\u59bb\uff09\u975e\u79fb\u6c11\u7b7e\u8bc1\u65e8\u5728\u5141\u8bb8\u7f8e\u56fd\u516c\u6c11\u7684\u672a\u5a5a\u592b\uff08\u59bb\uff09\u8fdb\u5165\u7f8e\u56fd\u4e0e\u81ea\u5df1\u7684\u672a\u5a5a\u59bb\uff08\u592b\uff09\u7ed3\u5a5a\u3002\u8fd9\u4e00\u8fc7\u7a0b\u9700\u8981\u7533\u8bf7\uff0c\u63d0\u4ea4\u6587\u4ef6\uff0c\u5e76\u8bc1\u660e\u672a\u5a5a\u592b\u5987\u613f\u610f\u5728\u7f8e\u56fd\u8fdb\u516590\u5929\u5185\u7ed3\u5a5a\u3002\u4e00\u65e6\u7b7e\u8bc1\u83b7\u5f97\u6279\u51c6\uff0c\u672a\u5a5a\u592b\uff08\u59bb\uff09\u53ef\u4ee5\u8fdb\u5165\u7f8e\u56fd\uff0c\u4f46\u5fc5\u987b\u572890\u5929\u5185\u4e0e\u7f8e\u56fd\u516c\u6c11\u7ed3\u5a5a\u3002 K-1\u672a\u5a5a\u592b\uff08\u59bb\uff09\u6709\u6743\u5728\u5a5a\u524d\u768490\u5929\u671f\u95f4\u83b7\u5f97\u5c31\u4e1a\u3002\u5a5a\u540e\uff0c\u975e\u79fb\u6c11\u53ef\u4ee5\u7533\u8bf7\u8c03\u6574\u4e3a\u76f4\u7cfb\u4eb2\u5c5e\u7684\u6c38\u4e45\u5c45\u6c11\u8eab\u4efd\u3002<\/p>\n<h3>\u7533\u8bf7\u6761\u4ef6\u7533\u8bf7\u6761\u4ef6<\/h3>\n<p>\u82e5\u8981\u6210\u529f\u5730\u7533\u8bf7\u7f8e\u56fd\u516c\u6c11\u7684\u672a\u5a5a\u592b\uff08\u59bb\uff09K-1\u7b7e\u8bc1\uff0c\u5f53\u4e8b\u5404\u65b9\u5fc5\u987b\u6ee1\u8db3\u4ee5\u4e0b\u8981\u6c42\uff1a<\/p>\n<ul>\n<li>\u53cc\u65b9\u5fc5\u987b\u5728\u63d0\u4ea4\u8be5\u7533\u8bf7\u524d\u7684\u4e24\u5e74\u5185\u4f1a\u8fc7\u9762\uff08\u6b64\u8981\u6c42\u53ef\u8c41\u514d\uff0c\u201d\u5982\u679c\u89c4\u5b9a\u4f1a\u5bfc\u81f4\u7533\u8bf7\u4eba\u7684\u6781\u7aef\u56f0\u96be\u6216\u8fdd\u53cd\u4e25\u683c\u89c4\u5b9a\u7684\u548c\u957f\u671f\u786e\u7acb\u7684\u53d7\u76ca\u4eba\u7684\u5916\u56fd\u6587\u5316\u6216\u793e\u4f1a\u4e60\u4fd7\u201d\u3002)<\/li>\n<li>\u6709\u5173\u5404\u65b9\u6709\u8bda\u610f\u7ed3\u5a5a\u3002<\/li>\n<li>\u5404\u65b9\u90fd\u613f\u610f\u5728\u672a\u5a5a\u592b\uff08\u59bb\uff09\u5230\u6765\u768490\u5929\u5185\u7ed3\u5a5a<\/li>\n<li>\u53cc\u65b9\u5df2\u7ec8\u6b62\u4efb\u4f55\u5148\u524d\u7684\u5a5a\u59fb<\/li>\n<\/ul>","protected":false},"excerpt":{"rendered":"<p>Description The K-1 fianc\u00e9(e) nonimmigrant visa is designed to allow entry into the United States to fianc\u00e9(e)s of U.S. citizens, for the purpose of marrying their fianc\u00e9(e). The process requires submission of applications, documents, and proof that the couple is willing to marry within 90 days of entry into the United States. A K-1 visa [&hellip;]<\/p>","protected":false},"author":2,"featured_media":0,"parent":0,"menu_order":0,"comment_status":"closed","ping_status":"open","template":"","meta":{"footnotes":""},"class_list":["post-75","page","type-page","status-publish","hentry"],"_links":{"self":[{"href":"https:\/\/leijianglaw.com\/zh\/wp-json\/wp\/v2\/pages\/75","targetHints":{"allow":["GET"]}}],"collection":[{"href":"https:\/\/leijianglaw.com\/zh\/wp-json\/wp\/v2\/pages"}],"about":[{"href":"https:\/\/leijianglaw.com\/zh\/wp-json\/wp\/v2\/types\/page"}],"author":[{"embeddable":true,"href":"https:\/\/leijianglaw.com\/zh\/wp-json\/wp\/v2\/users\/2"}],"replies":[{"embeddable":true,"href":"https:\/\/leijianglaw.com\/zh\/wp-json\/wp\/v2\/comments?post=75"}],"version-history":[{"count":1,"href":"https:\/\/leijianglaw.com\/zh\/wp-json\/wp\/v2\/pages\/75\/revisions"}],"predecessor-version":[{"id":1881,"href":"https:\/\/leijianglaw.com\/zh\/wp-json\/wp\/v2\/pages\/75\/revisions\/1881"}],"wp:attachment":[{"href":"https:\/\/leijianglaw.com\/zh\/wp-json\/wp\/v2\/media?parent=75"}],"curies":[{"name":"wp","href":"https:\/\/api.w.org\/{rel}","templated":true}]}}